{"id":1101,"date":"2025-06-06T16:13:34","date_gmt":"2025-06-06T19:13:34","guid":{"rendered":"https:\/\/duartedepositoeacabamentos.com.br\/?post_type=product&#038;p=1101"},"modified":"2025-06-06T16:19:38","modified_gmt":"2025-06-06T19:19:38","slug":"piso-rocha-prime-retificado-m%c2%b2-a-vista","status":"publish","type":"product","link":"https:\/\/duartedepositoeacabamentos.com.br\/?product=piso-rocha-prime-retificado-m%c2%b2-a-vista","title":{"rendered":"REVESTIMENTO ROCHA PRIME RETIFICADO m\u00b2 ( \u00c0 VISTA )"},"content":{"rendered":"<p>Valor promocional R$ 43.44: \u00c0 VISTA<\/p>\n<p>Valor a prazo R$ 49.90: AT\u00c9 10x NO CART\u00c3O<\/p>\n<p>&nbsp;<\/p>\n","protected":false},"excerpt":{"rendered":"<p>Valor promocional R$ 43.44: \u00c0 VISTA Valor a prazo R$ 49.90: AT\u00c9 10x NO CART\u00c3O &nbsp;<\/p>\n","protected":false},"featured_media":1102,"template":"","meta":[],"product_brand":[],"product_cat":[15],"product_tag":[],"class_list":{"0":"post-1101","1":"product","2":"type-product","3":"status-publish","4":"has-post-thumbnail","6":"product_cat-sem-categoria","8":"first","9":"instock","10":"sale","11":"shipping-taxable","12":"product-type-simple"},"_links":{"self":[{"href":"https:\/\/duartedepositoeacabamentos.com.br\/index.php?rest_route=\/wp\/v2\/product\/1101","targetHints":{"allow":["GET"]}}],"collection":[{"href":"https:\/\/duartedepositoeacabamentos.com.br\/index.php?rest_route=\/wp\/v2\/product"}],"about":[{"href":"https:\/\/duartedepositoeacabamentos.com.br\/index.php?rest_route=\/wp\/v2\/types\/product"}],"wp:featuredmedia":[{"embeddable":true,"href":"https:\/\/duartedepositoeacabamentos.com.br\/index.php?rest_route=\/wp\/v2\/media\/1102"}],"wp:attachment":[{"href":"https:\/\/duartedepositoeacabamentos.com.br\/index.php?rest_route=%2Fwp%2Fv2%2Fmedia&parent=1101"}],"wp:term":[{"taxonomy":"product_brand","embeddable":true,"href":"https:\/\/duartedepositoeacabamentos.com.br\/index.php?rest_route=%2Fwp%2Fv2%2Fproduct_brand&post=1101"},{"taxonomy":"product_cat","embeddable":true,"href":"https:\/\/duartedepositoeacabamentos.com.br\/index.php?rest_route=%2Fwp%2Fv2%2Fproduct_cat&post=1101"},{"taxonomy":"product_tag","embeddable":true,"href":"https:\/\/duartedepositoeacabamentos.com.br\/index.php?rest_route=%2Fwp%2Fv2%2Fproduct_tag&post=1101"}],"curies":[{"name":"wp","href":"https:\/\/api.w.org\/{rel}","templated":true}]}}