{"id":1230,"date":"2026-04-06T17:12:48","date_gmt":"2026-04-06T20:12:48","guid":{"rendered":"https:\/\/duartedepositoeacabamentos.com.br\/?post_type=product&#038;p=1230"},"modified":"2026-04-06T17:12:48","modified_gmt":"2026-04-06T20:12:48","slug":"torneira-parede-c-filtro-plus-1-4-bm-a-vista","status":"publish","type":"product","link":"https:\/\/duartedepositoeacabamentos.com.br\/?product=torneira-parede-c-filtro-plus-1-4-bm-a-vista","title":{"rendered":"TORNEIRA PAREDE C\/FILTRO PLUS 1\/4 BM (\u00c0 VISTA)"},"content":{"rendered":"<p>Valor promocional R$159.90: \u00c0 VISTA<\/p>\n<p>Valor a prazo R$189.00: AT\u00c9 10x NO CART\u00c3O<\/p>\n","protected":false},"excerpt":{"rendered":"<p>Valor promocional R$159.90: \u00c0 VISTA Valor a prazo R$189.00: AT\u00c9 10x NO CART\u00c3O<\/p>\n","protected":false},"featured_media":1231,"template":"","meta":[],"product_brand":[],"product_cat":[15],"product_tag":[],"class_list":{"0":"post-1230","1":"product","2":"type-product","3":"status-publish","4":"has-post-thumbnail","6":"product_cat-sem-categoria","8":"first","9":"instock","10":"sale","11":"shipping-taxable","12":"product-type-simple"},"_links":{"self":[{"href":"https:\/\/duartedepositoeacabamentos.com.br\/index.php?rest_route=\/wp\/v2\/product\/1230","targetHints":{"allow":["GET"]}}],"collection":[{"href":"https:\/\/duartedepositoeacabamentos.com.br\/index.php?rest_route=\/wp\/v2\/product"}],"about":[{"href":"https:\/\/duartedepositoeacabamentos.com.br\/index.php?rest_route=\/wp\/v2\/types\/product"}],"wp:featuredmedia":[{"embeddable":true,"href":"https:\/\/duartedepositoeacabamentos.com.br\/index.php?rest_route=\/wp\/v2\/media\/1231"}],"wp:attachment":[{"href":"https:\/\/duartedepositoeacabamentos.com.br\/index.php?rest_route=%2Fwp%2Fv2%2Fmedia&parent=1230"}],"wp:term":[{"taxonomy":"product_brand","embeddable":true,"href":"https:\/\/duartedepositoeacabamentos.com.br\/index.php?rest_route=%2Fwp%2Fv2%2Fproduct_brand&post=1230"},{"taxonomy":"product_cat","embeddable":true,"href":"https:\/\/duartedepositoeacabamentos.com.br\/index.php?rest_route=%2Fwp%2Fv2%2Fproduct_cat&post=1230"},{"taxonomy":"product_tag","embeddable":true,"href":"https:\/\/duartedepositoeacabamentos.com.br\/index.php?rest_route=%2Fwp%2Fv2%2Fproduct_tag&post=1230"}],"curies":[{"name":"wp","href":"https:\/\/api.w.org\/{rel}","templated":true}]}}