{"id":151,"date":"2024-03-19T08:25:35","date_gmt":"2024-03-19T11:25:35","guid":{"rendered":"https:\/\/duartedepositoeacabamentos.com.br\/?post_type=product&#038;p=151"},"modified":"2025-10-03T14:51:40","modified_gmt":"2025-10-03T17:51:40","slug":"chuveiro-advanced-turbo-lorenzetti","status":"publish","type":"product","link":"https:\/\/duartedepositoeacabamentos.com.br\/?product=chuveiro-advanced-turbo-lorenzetti","title":{"rendered":"CHUVEIRO ADVANCED TURBO LORENZETTI Und. (\u00c0 VISTA)"},"content":{"rendered":"<p>Valor promocional R$278.47 : \u00c0 VISTA<\/p>\n<p>Valor a prazo R$319.90: AT\u00c9 10x NO CART\u00c3O<\/p>\n<p>DUCHA MULTI TEMPERATURA<\/p>\n<p>PRESSURIZADOR EMBUTIDO<\/p>\n<p>LORENZETTI<br \/>\n127V 5500W<\/p>\n<p>220V 7500W<br \/>\nGARANTIA 01 ANO<\/p>\n","protected":false},"excerpt":{"rendered":"<p>Valor promocional R$278.47 : \u00c0 VISTA Valor a prazo R$319.90: AT\u00c9 10x NO CART\u00c3O DUCHA MULTI TEMPERATURA PRESSURIZADOR EMBUTIDO LORENZETTI 127V 5500W 220V 7500W GARANTIA 01 ANO<\/p>\n","protected":false},"featured_media":214,"template":"","meta":[],"product_brand":[],"product_cat":[17,18],"product_tag":[],"class_list":{"0":"post-151","1":"product","2":"type-product","3":"status-publish","4":"has-post-thumbnail","6":"product_cat-chuveiros","7":"product_cat-hidraulica","9":"first","10":"instock","11":"sale","12":"shipping-taxable","13":"product-type-simple"},"_links":{"self":[{"href":"https:\/\/duartedepositoeacabamentos.com.br\/index.php?rest_route=\/wp\/v2\/product\/151","targetHints":{"allow":["GET"]}}],"collection":[{"href":"https:\/\/duartedepositoeacabamentos.com.br\/index.php?rest_route=\/wp\/v2\/product"}],"about":[{"href":"https:\/\/duartedepositoeacabamentos.com.br\/index.php?rest_route=\/wp\/v2\/types\/product"}],"wp:featuredmedia":[{"embeddable":true,"href":"https:\/\/duartedepositoeacabamentos.com.br\/index.php?rest_route=\/wp\/v2\/media\/214"}],"wp:attachment":[{"href":"https:\/\/duartedepositoeacabamentos.com.br\/index.php?rest_route=%2Fwp%2Fv2%2Fmedia&parent=151"}],"wp:term":[{"taxonomy":"product_brand","embeddable":true,"href":"https:\/\/duartedepositoeacabamentos.com.br\/index.php?rest_route=%2Fwp%2Fv2%2Fproduct_brand&post=151"},{"taxonomy":"product_cat","embeddable":true,"href":"https:\/\/duartedepositoeacabamentos.com.br\/index.php?rest_route=%2Fwp%2Fv2%2Fproduct_cat&post=151"},{"taxonomy":"product_tag","embeddable":true,"href":"https:\/\/duartedepositoeacabamentos.com.br\/index.php?rest_route=%2Fwp%2Fv2%2Fproduct_tag&post=151"}],"curies":[{"name":"wp","href":"https:\/\/api.w.org\/{rel}","templated":true}]}}