{"id":152,"date":"2024-03-19T08:25:35","date_gmt":"2024-03-19T11:25:35","guid":{"rendered":"https:\/\/duartedepositoeacabamentos.com.br\/?post_type=product&#038;p=152"},"modified":"2026-03-03T11:15:40","modified_gmt":"2026-03-03T14:15:40","slug":"chuveiro-duo-show-qd-multi-lorenzetti","status":"publish","type":"product","link":"https:\/\/duartedepositoeacabamentos.com.br\/?product=chuveiro-duo-show-qd-multi-lorenzetti","title":{"rendered":"CHUVEIRO DUO SHOW QD MULTI LORENZETTI Und. (\u00c0 VISTA)"},"content":{"rendered":"<p>Valor promocional R$343.25 : \u00c0 VISTA<\/p>\n<p>Valor a prazo R$394,31 : AT\u00c9 10x NO CART\u00c3O<\/p>\n<p>DUCHA MULTI TEMPERATURA<\/p>\n<p>LORENZETTI<br \/>\n127V 5500W<\/p>\n<p>GARANTIA 01 ANO<\/p>\n","protected":false},"excerpt":{"rendered":"<p>Valor promocional R$343.25 : \u00c0 VISTA Valor a prazo R$394,31 : AT\u00c9 10x NO CART\u00c3O DUCHA MULTI TEMPERATURA LORENZETTI 127V 5500W GARANTIA 01 ANO<\/p>\n","protected":false},"featured_media":215,"template":"","meta":[],"product_brand":[],"product_cat":[17,18],"product_tag":[],"class_list":{"0":"post-152","1":"product","2":"type-product","3":"status-publish","4":"has-post-thumbnail","6":"product_cat-chuveiros","7":"product_cat-hidraulica","9":"first","10":"instock","11":"sale","12":"shipping-taxable","13":"product-type-simple"},"_links":{"self":[{"href":"https:\/\/duartedepositoeacabamentos.com.br\/index.php?rest_route=\/wp\/v2\/product\/152","targetHints":{"allow":["GET"]}}],"collection":[{"href":"https:\/\/duartedepositoeacabamentos.com.br\/index.php?rest_route=\/wp\/v2\/product"}],"about":[{"href":"https:\/\/duartedepositoeacabamentos.com.br\/index.php?rest_route=\/wp\/v2\/types\/product"}],"wp:featuredmedia":[{"embeddable":true,"href":"https:\/\/duartedepositoeacabamentos.com.br\/index.php?rest_route=\/wp\/v2\/media\/215"}],"wp:attachment":[{"href":"https:\/\/duartedepositoeacabamentos.com.br\/index.php?rest_route=%2Fwp%2Fv2%2Fmedia&parent=152"}],"wp:term":[{"taxonomy":"product_brand","embeddable":true,"href":"https:\/\/duartedepositoeacabamentos.com.br\/index.php?rest_route=%2Fwp%2Fv2%2Fproduct_brand&post=152"},{"taxonomy":"product_cat","embeddable":true,"href":"https:\/\/duartedepositoeacabamentos.com.br\/index.php?rest_route=%2Fwp%2Fv2%2Fproduct_cat&post=152"},{"taxonomy":"product_tag","embeddable":true,"href":"https:\/\/duartedepositoeacabamentos.com.br\/index.php?rest_route=%2Fwp%2Fv2%2Fproduct_tag&post=152"}],"curies":[{"name":"wp","href":"https:\/\/api.w.org\/{rel}","templated":true}]}}