{"id":25,"date":"2024-03-19T08:24:26","date_gmt":"2024-03-19T11:24:26","guid":{"rendered":"https:\/\/duartedepositoeacabamentos.com.br\/?post_type=product&#038;p=25"},"modified":"2025-11-18T12:27:19","modified_gmt":"2025-11-18T15:27:19","slug":"disjuntor-din-monopolar-steck","status":"publish","type":"product","link":"https:\/\/duartedepositoeacabamentos.com.br\/?product=disjuntor-din-monopolar-steck","title":{"rendered":"DISJUNTOR DIN MONOPOLAR STECK 10 AMPERES (\u00c0 VISTA)"},"content":{"rendered":"<p>10 AMPERES &#8211; R$11.00 \u00c0 VISTA OU R$12.65 A PRAZO (10x NO CART\u00c3O)<\/p>\n<p>16\u00a0 AMPERES &#8211; R$10.70 \u00c0 VISTA OU R$12.29 A PRAZO (10x NO CART\u00c3O)<\/p>\n<p>20 AMPERES &#8211; R$10.70 \u00c0 VISTA OU R$12.29 A PRAZO (10x NO CART\u00c3O)<\/p>\n<p>25 AMPERES &#8211; R$11.00 \u00c0 VISTA OU R$12.65 A PRAZO (10x NO CART\u00c3O)<\/p>\n<p>32 AMPERES &#8211; R$12.77 \u00c0 VISTA OU R$14.67 A PRAZO (10x NO CART\u00c3O)<\/p>\n<p>40 AMPERES &#8211; R$12.77 \u00c0 VISTA OU R$14.67 A PRAZO (10x NO CART\u00c3O)<\/p>\n<p>50 AMPERES &#8211; R$12.77 \u00c0 VISTA OU R$14.67 A PRAZO (10x NO CART\u00c3O)<\/p>\n<p>63 AMPERES &#8211; R$13.00 \u00c0 VISTA OU R$14.93 A PRAZO (10x NO CART\u00c3O)<\/p>\n","protected":false},"excerpt":{"rendered":"<p>10 AMPERES &#8211; R$11.00 \u00c0 VISTA OU R$12.65 A PRAZO (10x NO CART\u00c3O) 16\u00a0 AMPERES &#8211; R$10.70 \u00c0 VISTA OU R$12.29 A PRAZO (10x NO CART\u00c3O) 20 AMPERES &#8211; R$10.70 \u00c0 VISTA OU R$12.29 A PRAZO (10x NO CART\u00c3O) 25 AMPERES &#8211; R$11.00 \u00c0 VISTA OU R$12.65 A PRAZO (10x NO CART\u00c3O) 32 AMPERES &#8211; &hellip; <\/p>\n<p class=\"link-more\"><a href=\"https:\/\/duartedepositoeacabamentos.com.br\/?product=disjuntor-din-monopolar-steck\" class=\"more-link\">Continue reading<span class=\"screen-reader-text\"> &#8220;DISJUNTOR DIN MONOPOLAR STECK 10 AMPERES (\u00c0 VISTA)&#8221;<\/span><\/a><\/p>\n","protected":false},"featured_media":55,"template":"","meta":[],"product_brand":[],"product_cat":[19],"product_tag":[],"class_list":{"0":"post-25","1":"product","2":"type-product","3":"status-publish","4":"has-post-thumbnail","6":"product_cat-eletrica","8":"first","9":"instock","10":"sale","11":"shipping-taxable","12":"product-type-simple"},"_links":{"self":[{"href":"https:\/\/duartedepositoeacabamentos.com.br\/index.php?rest_route=\/wp\/v2\/product\/25","targetHints":{"allow":["GET"]}}],"collection":[{"href":"https:\/\/duartedepositoeacabamentos.com.br\/index.php?rest_route=\/wp\/v2\/product"}],"about":[{"href":"https:\/\/duartedepositoeacabamentos.com.br\/index.php?rest_route=\/wp\/v2\/types\/product"}],"wp:featuredmedia":[{"embeddable":true,"href":"https:\/\/duartedepositoeacabamentos.com.br\/index.php?rest_route=\/wp\/v2\/media\/55"}],"wp:attachment":[{"href":"https:\/\/duartedepositoeacabamentos.com.br\/index.php?rest_route=%2Fwp%2Fv2%2Fmedia&parent=25"}],"wp:term":[{"taxonomy":"product_brand","embeddable":true,"href":"https:\/\/duartedepositoeacabamentos.com.br\/index.php?rest_route=%2Fwp%2Fv2%2Fproduct_brand&post=25"},{"taxonomy":"product_cat","embeddable":true,"href":"https:\/\/duartedepositoeacabamentos.com.br\/index.php?rest_route=%2Fwp%2Fv2%2Fproduct_cat&post=25"},{"taxonomy":"product_tag","embeddable":true,"href":"https:\/\/duartedepositoeacabamentos.com.br\/index.php?rest_route=%2Fwp%2Fv2%2Fproduct_tag&post=25"}],"curies":[{"name":"wp","href":"https:\/\/api.w.org\/{rel}","templated":true}]}}