{"id":297,"date":"2024-04-03T11:25:01","date_gmt":"2024-04-03T14:25:01","guid":{"rendered":"https:\/\/duartedepositoeacabamentos.com.br\/?post_type=product&#038;p=297"},"modified":"2026-04-07T10:31:51","modified_gmt":"2026-04-07T13:31:51","slug":"caixa-dagua-fortlev-2","status":"publish","type":"product","link":"https:\/\/duartedepositoeacabamentos.com.br\/?product=caixa-dagua-fortlev-2","title":{"rendered":"CAIXA D\u2019\u00c1GUA FORTLEV 310 LITROS Und. (\u00c0 VISTA)"},"content":{"rendered":"<p>Valor promocional R$312.27: \u00c0 VISTA<\/p>\n<p>Valor a prazo R$358.73: AT\u00c9 10x NO CART\u00c3O<\/p>\n<p>OUTROS TAMANHOS:<\/p>\n<ul>\n<li>500 LITROS :<\/li>\n<\/ul>\n<p>Valor promocional R$326.30: \u00c0 VISTA<\/p>\n<p>Valor a prazo R$374.84: AT\u00c9 10x NO CART\u00c3O<\/p>\n<ul>\n<li>1000 LITROS :<\/li>\n<\/ul>\n<p>Valor promocional R$551.71: \u00c0 VISTA<\/p>\n<p>Valor a prazo R$633.79: AT\u00c9 10x NO CART\u00c3O<\/p>\n<p>&nbsp;<\/p>\n<p>TRABALHAMOS TAMB\u00c9M COM TAMANHOS ESPECIAIS<\/p>\n<p>&nbsp;<\/p>\n","protected":false},"excerpt":{"rendered":"<p>Valor promocional R$312.27: \u00c0 VISTA Valor a prazo R$358.73: AT\u00c9 10x NO CART\u00c3O OUTROS TAMANHOS: 500 LITROS : Valor promocional R$326.30: \u00c0 VISTA Valor a prazo R$374.84: AT\u00c9 10x NO CART\u00c3O 1000 LITROS : Valor promocional R$551.71: \u00c0 VISTA Valor a prazo R$633.79: AT\u00c9 10x NO CART\u00c3O &nbsp; TRABALHAMOS TAMB\u00c9M COM TAMANHOS ESPECIAIS &nbsp;<\/p>\n","protected":false},"featured_media":73,"template":"","meta":[],"product_brand":[],"product_cat":[18],"product_tag":[],"class_list":{"0":"post-297","1":"product","2":"type-product","3":"status-publish","4":"has-post-thumbnail","6":"product_cat-hidraulica","8":"first","9":"instock","10":"sale","11":"shipping-taxable","12":"product-type-simple"},"_links":{"self":[{"href":"https:\/\/duartedepositoeacabamentos.com.br\/index.php?rest_route=\/wp\/v2\/product\/297","targetHints":{"allow":["GET"]}}],"collection":[{"href":"https:\/\/duartedepositoeacabamentos.com.br\/index.php?rest_route=\/wp\/v2\/product"}],"about":[{"href":"https:\/\/duartedepositoeacabamentos.com.br\/index.php?rest_route=\/wp\/v2\/types\/product"}],"wp:featuredmedia":[{"embeddable":true,"href":"https:\/\/duartedepositoeacabamentos.com.br\/index.php?rest_route=\/wp\/v2\/media\/73"}],"wp:attachment":[{"href":"https:\/\/duartedepositoeacabamentos.com.br\/index.php?rest_route=%2Fwp%2Fv2%2Fmedia&parent=297"}],"wp:term":[{"taxonomy":"product_brand","embeddable":true,"href":"https:\/\/duartedepositoeacabamentos.com.br\/index.php?rest_route=%2Fwp%2Fv2%2Fproduct_brand&post=297"},{"taxonomy":"product_cat","embeddable":true,"href":"https:\/\/duartedepositoeacabamentos.com.br\/index.php?rest_route=%2Fwp%2Fv2%2Fproduct_cat&post=297"},{"taxonomy":"product_tag","embeddable":true,"href":"https:\/\/duartedepositoeacabamentos.com.br\/index.php?rest_route=%2Fwp%2Fv2%2Fproduct_tag&post=297"}],"curies":[{"name":"wp","href":"https:\/\/api.w.org\/{rel}","templated":true}]}}