{"id":299,"date":"2024-04-03T11:38:41","date_gmt":"2024-04-03T14:38:41","guid":{"rendered":"https:\/\/duartedepositoeacabamentos.com.br\/?post_type=product&#038;p=299"},"modified":"2026-01-28T11:28:36","modified_gmt":"2026-01-28T14:28:36","slug":"tubo-p-esgoto-tigre","status":"publish","type":"product","link":"https:\/\/duartedepositoeacabamentos.com.br\/?product=tubo-p-esgoto-tigre","title":{"rendered":"TUBO ESGOTO TIGRE 100mm 6m Und. (\u00c0 VISTA)"},"content":{"rendered":"<p>Valor promocional R$92,97: \u00c0 VISTA<\/p>\n<p>Valor a prazo R$106,80: AT\u00c9 10x NO CART\u00c3O<\/p>\n<p>&nbsp;<\/p>\n<p>OUTRAS MEDIDAS DOS TUBOS DE ESGOTO TIGRE :<\/p>\n<ul>\n<li>40mm 6m TIGRE<\/li>\n<\/ul>\n<p>Valor promocional R$41.26 : \u00c0 VISTA<\/p>\n<p>Valor a prazo R$47.40 : AT\u00c9 10x NO CART\u00c3O<\/p>\n<ul>\n<li>50mm 6m TIGRE<\/li>\n<\/ul>\n<p>Valor promocional R$66.99 : \u00c0 VISTA<\/p>\n<p>Valor a prazo R$76.95 : AT\u00c9 10x NO CART\u00c3O<\/p>\n<ul>\n<li>75mm 6m TIGRE<\/li>\n<\/ul>\n<p>Valor promocional R$111.80 : \u00c0 VISTA<\/p>\n<p>Valor a prazo R$128.43 : AT\u00c9 10x NO CART\u00c3O<\/p>\n<ul>\n<li>150mm 6m TIGRE<\/li>\n<\/ul>\n<p>Valor promocional R$243.31: \u00c0 VISTA<\/p>\n<p>Valor a prazo R$279.51 : AT\u00c9 10x NO CART\u00c3O<\/p>\n<ul>\n<li>200mm 6m TIGRE<\/li>\n<\/ul>\n<p>Valor promocional R$652.79 : \u00c0 VISTA<\/p>\n<p>Valor a prazo R$749.90 : AT\u00c9 10x NO CART\u00c3O<\/p>\n<ul>\n<li>300mm 6m TIGRE<\/li>\n<\/ul>\n<p>Valor promocional R$1.238,90 : \u00c0 VISTA<\/p>\n<p>Valor a prazo R$1.423,20 : AT\u00c9 10x NO CART\u00c3O<\/p>\n<p>&nbsp;<\/p>\n<p>&nbsp;<\/p>\n<p>&nbsp;<\/p>\n<p>&nbsp;<\/p>\n<p>&nbsp;<\/p>\n<p>&nbsp;<\/p>\n<p>&nbsp;<\/p>\n<p>&nbsp;<\/p>\n","protected":false},"excerpt":{"rendered":"<p>Valor promocional R$92,97: \u00c0 VISTA Valor a prazo R$106,80: AT\u00c9 10x NO CART\u00c3O &nbsp; OUTRAS MEDIDAS DOS TUBOS DE ESGOTO TIGRE : 40mm 6m TIGRE Valor promocional R$41.26 : \u00c0 VISTA Valor a prazo R$47.40 : AT\u00c9 10x NO CART\u00c3O 50mm 6m TIGRE Valor promocional R$66.99 : \u00c0 VISTA Valor a prazo R$76.95 : AT\u00c9 &hellip; <\/p>\n<p class=\"link-more\"><a href=\"https:\/\/duartedepositoeacabamentos.com.br\/?product=tubo-p-esgoto-tigre\" class=\"more-link\">Continue reading<span class=\"screen-reader-text\"> &#8220;TUBO ESGOTO TIGRE 100mm 6m Und. (\u00c0 VISTA)&#8221;<\/span><\/a><\/p>\n","protected":false},"featured_media":439,"template":"","meta":[],"product_brand":[],"product_cat":[18],"product_tag":[],"class_list":{"0":"post-299","1":"product","2":"type-product","3":"status-publish","4":"has-post-thumbnail","6":"product_cat-hidraulica","8":"first","9":"instock","10":"sale","11":"shipping-taxable","12":"product-type-simple"},"_links":{"self":[{"href":"https:\/\/duartedepositoeacabamentos.com.br\/index.php?rest_route=\/wp\/v2\/product\/299","targetHints":{"allow":["GET"]}}],"collection":[{"href":"https:\/\/duartedepositoeacabamentos.com.br\/index.php?rest_route=\/wp\/v2\/product"}],"about":[{"href":"https:\/\/duartedepositoeacabamentos.com.br\/index.php?rest_route=\/wp\/v2\/types\/product"}],"wp:featuredmedia":[{"embeddable":true,"href":"https:\/\/duartedepositoeacabamentos.com.br\/index.php?rest_route=\/wp\/v2\/media\/439"}],"wp:attachment":[{"href":"https:\/\/duartedepositoeacabamentos.com.br\/index.php?rest_route=%2Fwp%2Fv2%2Fmedia&parent=299"}],"wp:term":[{"taxonomy":"product_brand","embeddable":true,"href":"https:\/\/duartedepositoeacabamentos.com.br\/index.php?rest_route=%2Fwp%2Fv2%2Fproduct_brand&post=299"},{"taxonomy":"product_cat","embeddable":true,"href":"https:\/\/duartedepositoeacabamentos.com.br\/index.php?rest_route=%2Fwp%2Fv2%2Fproduct_cat&post=299"},{"taxonomy":"product_tag","embeddable":true,"href":"https:\/\/duartedepositoeacabamentos.com.br\/index.php?rest_route=%2Fwp%2Fv2%2Fproduct_tag&post=299"}],"curies":[{"name":"wp","href":"https:\/\/api.w.org\/{rel}","templated":true}]}}