{"id":302,"date":"2024-04-03T11:48:34","date_gmt":"2024-04-03T14:48:34","guid":{"rendered":"https:\/\/duartedepositoeacabamentos.com.br\/?post_type=product&#038;p=302"},"modified":"2025-11-18T11:38:48","modified_gmt":"2025-11-18T14:38:48","slug":"tubo-p-agua-tigre","status":"publish","type":"product","link":"https:\/\/duartedepositoeacabamentos.com.br\/?product=tubo-p-agua-tigre","title":{"rendered":"TUBO SOLD\u00c1VEL TIGRE 20mm 6m Und. (\u00c0 VISTA)"},"content":{"rendered":"<p>Valor promocional R$24.63 : \u00c0 VISTA<\/p>\n<p>Valor a prazo R$28.29 : AT\u00c9 10x NO CART\u00c3O<\/p>\n<p>&nbsp;<\/p>\n<p>OUTRAS MEDIDAS:<\/p>\n<ul>\n<li>25mm 6m<\/li>\n<\/ul>\n<p>Valor promocional R$27.12 : \u00c0 VISTA<\/p>\n<p>Valor a prazo R$31.15 : AT\u00c9 10x NO CART\u00c3O<\/p>\n<ul>\n<li>32mm 6m<\/li>\n<\/ul>\n<p>Valor promocional R$60.39 : \u00c0 VISTA<\/p>\n<p>Valor a prazo R$69.37 : AT\u00c9 10x NO CART\u00c3O<\/p>\n<ul>\n<li>40mm 6m<\/li>\n<\/ul>\n<p>Valor promocional R$79,65 : \u00c0 VISTA<\/p>\n<p>Valor a prazo R$91.50 : AT\u00c9 10x NO CART\u00c3O<\/p>\n<ul>\n<li>50mm 6m<\/li>\n<\/ul>\n<p>Valor promocional R$95.67 : \u00c0 VISTA<\/p>\n<p>Valor a prazo R$109.90 : AT\u00c9 10x NO CART\u00c3O<\/p>\n<ul>\n<li>60mm 6m<\/li>\n<\/ul>\n<p>Valor promocional R$239.13 : \u00c0 VISTA<\/p>\n<p>Valor a prazo R$274.70 : AT\u00c9 10x NO CART\u00c3O<\/p>\n","protected":false},"excerpt":{"rendered":"<p>Valor promocional R$24.63 : \u00c0 VISTA Valor a prazo R$28.29 : AT\u00c9 10x NO CART\u00c3O &nbsp; OUTRAS MEDIDAS: 25mm 6m Valor promocional R$27.12 : \u00c0 VISTA Valor a prazo R$31.15 : AT\u00c9 10x NO CART\u00c3O 32mm 6m Valor promocional R$60.39 : \u00c0 VISTA Valor a prazo R$69.37 : AT\u00c9 10x NO CART\u00c3O 40mm 6m Valor &hellip; <\/p>\n<p class=\"link-more\"><a href=\"https:\/\/duartedepositoeacabamentos.com.br\/?product=tubo-p-agua-tigre\" class=\"more-link\">Continue reading<span class=\"screen-reader-text\"> &#8220;TUBO SOLD\u00c1VEL TIGRE 20mm 6m Und. (\u00c0 VISTA)&#8221;<\/span><\/a><\/p>\n","protected":false},"featured_media":436,"template":"","meta":[],"product_brand":[],"product_cat":[18],"product_tag":[],"class_list":{"0":"post-302","1":"product","2":"type-product","3":"status-publish","4":"has-post-thumbnail","6":"product_cat-hidraulica","8":"first","9":"instock","10":"sale","11":"shipping-taxable","12":"product-type-simple"},"_links":{"self":[{"href":"https:\/\/duartedepositoeacabamentos.com.br\/index.php?rest_route=\/wp\/v2\/product\/302","targetHints":{"allow":["GET"]}}],"collection":[{"href":"https:\/\/duartedepositoeacabamentos.com.br\/index.php?rest_route=\/wp\/v2\/product"}],"about":[{"href":"https:\/\/duartedepositoeacabamentos.com.br\/index.php?rest_route=\/wp\/v2\/types\/product"}],"wp:featuredmedia":[{"embeddable":true,"href":"https:\/\/duartedepositoeacabamentos.com.br\/index.php?rest_route=\/wp\/v2\/media\/436"}],"wp:attachment":[{"href":"https:\/\/duartedepositoeacabamentos.com.br\/index.php?rest_route=%2Fwp%2Fv2%2Fmedia&parent=302"}],"wp:term":[{"taxonomy":"product_brand","embeddable":true,"href":"https:\/\/duartedepositoeacabamentos.com.br\/index.php?rest_route=%2Fwp%2Fv2%2Fproduct_brand&post=302"},{"taxonomy":"product_cat","embeddable":true,"href":"https:\/\/duartedepositoeacabamentos.com.br\/index.php?rest_route=%2Fwp%2Fv2%2Fproduct_cat&post=302"},{"taxonomy":"product_tag","embeddable":true,"href":"https:\/\/duartedepositoeacabamentos.com.br\/index.php?rest_route=%2Fwp%2Fv2%2Fproduct_tag&post=302"}],"curies":[{"name":"wp","href":"https:\/\/api.w.org\/{rel}","templated":true}]}}