{"id":35,"date":"2024-03-19T08:24:27","date_gmt":"2024-03-19T11:24:27","guid":{"rendered":"https:\/\/duartedepositoeacabamentos.com.br\/?post_type=product&#038;p=35"},"modified":"2025-10-21T14:38:14","modified_gmt":"2025-10-21T17:38:14","slug":"carrinho-de-mao","status":"publish","type":"product","link":"https:\/\/duartedepositoeacabamentos.com.br\/?product=carrinho-de-mao","title":{"rendered":"CARRINHO DE M\u00c3O EM A\u00c7O CARBONO PNEU MACI\u00c7O CHAPA 26mm 45L MINASUL Und. (\u00c0 VISTA)"},"content":{"rendered":"<p>Valor promocional R$147.90: \u00c0 VISTA<\/p>\n<p>Valor a prazo R$160.80 : AT\u00c9 10x NO CART\u00c3O<\/p>\n","protected":false},"excerpt":{"rendered":"<p>Valor promocional R$147.90: \u00c0 VISTA Valor a prazo R$160.80 : AT\u00c9 10x NO CART\u00c3O<\/p>\n","protected":false},"featured_media":428,"template":"","meta":[],"product_brand":[],"product_cat":[23],"product_tag":[],"class_list":{"0":"post-35","1":"product","2":"type-product","3":"status-publish","4":"has-post-thumbnail","6":"product_cat-ferramentas","8":"first","9":"instock","10":"sale","11":"shipping-taxable","12":"product-type-simple"},"_links":{"self":[{"href":"https:\/\/duartedepositoeacabamentos.com.br\/index.php?rest_route=\/wp\/v2\/product\/35","targetHints":{"allow":["GET"]}}],"collection":[{"href":"https:\/\/duartedepositoeacabamentos.com.br\/index.php?rest_route=\/wp\/v2\/product"}],"about":[{"href":"https:\/\/duartedepositoeacabamentos.com.br\/index.php?rest_route=\/wp\/v2\/types\/product"}],"wp:featuredmedia":[{"embeddable":true,"href":"https:\/\/duartedepositoeacabamentos.com.br\/index.php?rest_route=\/wp\/v2\/media\/428"}],"wp:attachment":[{"href":"https:\/\/duartedepositoeacabamentos.com.br\/index.php?rest_route=%2Fwp%2Fv2%2Fmedia&parent=35"}],"wp:term":[{"taxonomy":"product_brand","embeddable":true,"href":"https:\/\/duartedepositoeacabamentos.com.br\/index.php?rest_route=%2Fwp%2Fv2%2Fproduct_brand&post=35"},{"taxonomy":"product_cat","embeddable":true,"href":"https:\/\/duartedepositoeacabamentos.com.br\/index.php?rest_route=%2Fwp%2Fv2%2Fproduct_cat&post=35"},{"taxonomy":"product_tag","embeddable":true,"href":"https:\/\/duartedepositoeacabamentos.com.br\/index.php?rest_route=%2Fwp%2Fv2%2Fproduct_tag&post=35"}],"curies":[{"name":"wp","href":"https:\/\/api.w.org\/{rel}","templated":true}]}}