{"id":48,"date":"2024-03-19T08:24:28","date_gmt":"2024-03-19T11:24:28","guid":{"rendered":"https:\/\/duartedepositoeacabamentos.com.br\/?post_type=product&#038;p=48"},"modified":"2025-10-03T14:56:35","modified_gmt":"2025-10-03T17:56:35","slug":"caixa-de-gordura-sif-50lt-mallton","status":"publish","type":"product","link":"https:\/\/duartedepositoeacabamentos.com.br\/?product=caixa-de-gordura-sif-50lt-mallton","title":{"rendered":"CAIXA DE GORDURA SIFONADA 50 LITROS MALLTON Und. (\u00c0 VISTA)"},"content":{"rendered":"<p>Valor promocional R$135.40: \u00c0 VISTA<\/p>\n<p>Valor a prazo R$155.53: AT\u00c9 10x NO CART\u00c3O<\/p>\n<p>&nbsp;<\/p>\n<p>UTILIZADA PARA COLETAR \u00c1GUA PROVENIENTE DA PIA DA COZINHA, PODENDO SER LIGADA ATE 2 COZINHAS NA MESMA CAIXA.<\/p>\n<p>SISTEMA INOVADOR, FUNCIONAL E PR\u00c1TICO CONTEM UM CESTO REFIL QUE FACILITA SUA LIMPEZA PERI\u00d3DICA, COMPOSTA DE DUAS GALERIAS SENDO UMA TAMPA FIXA E OUTRA M\u00d3VEL<\/p>\n<p>FECHAMENTO HERM\u00c9TICO, EVITANDO O MAL CHEIRO, POSSUI V\u00c1RIOS ORIF\u00cdCIOS ( ENTRADAS DE 50\/75 E 100 MM E SA\u00cdDAS DE 100 MM, FACILITANDO SUA INSTALA\u00c7\u00c3O).<\/p>\n<p>FABRICADA EM POLIPROPILENO (PP) &#8211;<br \/>\nCOR: PRETA<br \/>\nMEDIDAS 52,5 X 29 X 49,5 CM<br \/>\nPESO 4 KG.<br \/>\nRESISTENTE E DE F\u00c1CIL MANUSEIO E INSTALA\u00c7\u00c3O<\/p>\n<p>PRODUTO ESTA DE ACORDO COM AS NORMAS DA NBR 8160<\/p>\n","protected":false},"excerpt":{"rendered":"<p>Valor promocional R$135.40: \u00c0 VISTA Valor a prazo R$155.53: AT\u00c9 10x NO CART\u00c3O &nbsp; UTILIZADA PARA COLETAR \u00c1GUA PROVENIENTE DA PIA DA COZINHA, PODENDO SER LIGADA ATE 2 COZINHAS NA MESMA CAIXA. SISTEMA INOVADOR, FUNCIONAL E PR\u00c1TICO CONTEM UM CESTO REFIL QUE FACILITA SUA LIMPEZA PERI\u00d3DICA, COMPOSTA DE DUAS GALERIAS SENDO UMA TAMPA FIXA E &hellip; <\/p>\n<p class=\"link-more\"><a href=\"https:\/\/duartedepositoeacabamentos.com.br\/?product=caixa-de-gordura-sif-50lt-mallton\" class=\"more-link\">Continue reading<span class=\"screen-reader-text\"> &#8220;CAIXA DE GORDURA SIFONADA 50 LITROS MALLTON Und. (\u00c0 VISTA)&#8221;<\/span><\/a><\/p>\n","protected":false},"featured_media":106,"template":"","meta":[],"product_brand":[],"product_cat":[18],"product_tag":[],"class_list":{"0":"post-48","1":"product","2":"type-product","3":"status-publish","4":"has-post-thumbnail","6":"product_cat-hidraulica","8":"first","9":"instock","10":"sale","11":"shipping-taxable","12":"product-type-simple"},"_links":{"self":[{"href":"https:\/\/duartedepositoeacabamentos.com.br\/index.php?rest_route=\/wp\/v2\/product\/48","targetHints":{"allow":["GET"]}}],"collection":[{"href":"https:\/\/duartedepositoeacabamentos.com.br\/index.php?rest_route=\/wp\/v2\/product"}],"about":[{"href":"https:\/\/duartedepositoeacabamentos.com.br\/index.php?rest_route=\/wp\/v2\/types\/product"}],"wp:featuredmedia":[{"embeddable":true,"href":"https:\/\/duartedepositoeacabamentos.com.br\/index.php?rest_route=\/wp\/v2\/media\/106"}],"wp:attachment":[{"href":"https:\/\/duartedepositoeacabamentos.com.br\/index.php?rest_route=%2Fwp%2Fv2%2Fmedia&parent=48"}],"wp:term":[{"taxonomy":"product_brand","embeddable":true,"href":"https:\/\/duartedepositoeacabamentos.com.br\/index.php?rest_route=%2Fwp%2Fv2%2Fproduct_brand&post=48"},{"taxonomy":"product_cat","embeddable":true,"href":"https:\/\/duartedepositoeacabamentos.com.br\/index.php?rest_route=%2Fwp%2Fv2%2Fproduct_cat&post=48"},{"taxonomy":"product_tag","embeddable":true,"href":"https:\/\/duartedepositoeacabamentos.com.br\/index.php?rest_route=%2Fwp%2Fv2%2Fproduct_tag&post=48"}],"curies":[{"name":"wp","href":"https:\/\/api.w.org\/{rel}","templated":true}]}}