{"id":49,"date":"2024-03-19T08:24:28","date_gmt":"2024-03-19T11:24:28","guid":{"rendered":"https:\/\/duartedepositoeacabamentos.com.br\/?post_type=product&#038;p=49"},"modified":"2026-04-06T09:34:26","modified_gmt":"2026-04-06T12:34:26","slug":"caixa-pluvial-mallton","status":"publish","type":"product","link":"https:\/\/duartedepositoeacabamentos.com.br\/?product=caixa-pluvial-mallton","title":{"rendered":"CAIXA PLUVIAL MALLTON Und. (\u00c1 VISTA)"},"content":{"rendered":"<p>Valor promocional R$135.26: \u00c0 VISTA<\/p>\n<p>Valor a prazo R$155.38 : AT\u00c9 10x NO CART\u00c3O<\/p>\n<p>&nbsp;<\/p>\n<p>CAIXA COLETORA DE \u00c1GUA PLUVIAL &#8211; CAIXA DE AREIA &#8211; MALLTON<\/p>\n<p>UTILIZADA PARA RECOLHER DETRITOS CONTIDOS NAS TUBULA\u00c7\u00d5ES DE \u00c1GUAS PLUVIAIS,E PERMITEM INSPE\u00c7\u00c3O DO SISTEMA.<\/p>\n<p>S\u00c3O INDICADAS PARA REDES ENTERRADAS DE DRENAGEM PLUVIAL ATE DN 100 EM OBRAS RESIDENCIAIS OU COMERCIAIS.<\/p>\n<p>FABRICADA EM POLIPROPILENO (PP) &#8211; RESISTENTE DE F\u00c1CIL MANUSEIO E INSTALA\u00c7\u00c3O<\/p>\n<p>MEDIDAS 44 X 35 X 41 cm<\/p>\n<p>PESO 2, 6 KG<\/p>\n<p>ITENS INCLUSO: CAIXA E TAMPA<\/p>\n<p>APROVADO POR CONCESSIONARIAS DE \u00c1GUA E ESGOTO DE TODO BRASIL<\/p>\n","protected":false},"excerpt":{"rendered":"<p>Valor promocional R$135.26: \u00c0 VISTA Valor a prazo R$155.38 : AT\u00c9 10x NO CART\u00c3O &nbsp; CAIXA COLETORA DE \u00c1GUA PLUVIAL &#8211; CAIXA DE AREIA &#8211; MALLTON UTILIZADA PARA RECOLHER DETRITOS CONTIDOS NAS TUBULA\u00c7\u00d5ES DE \u00c1GUAS PLUVIAIS,E PERMITEM INSPE\u00c7\u00c3O DO SISTEMA. S\u00c3O INDICADAS PARA REDES ENTERRADAS DE DRENAGEM PLUVIAL ATE DN 100 EM OBRAS RESIDENCIAIS OU &hellip; <\/p>\n<p class=\"link-more\"><a href=\"https:\/\/duartedepositoeacabamentos.com.br\/?product=caixa-pluvial-mallton\" class=\"more-link\">Continue reading<span class=\"screen-reader-text\"> &#8220;CAIXA PLUVIAL MALLTON Und. (\u00c1 VISTA)&#8221;<\/span><\/a><\/p>\n","protected":false},"featured_media":109,"template":"","meta":[],"product_brand":[],"product_cat":[18],"product_tag":[],"class_list":{"0":"post-49","1":"product","2":"type-product","3":"status-publish","4":"has-post-thumbnail","6":"product_cat-hidraulica","8":"first","9":"instock","10":"sale","11":"shipping-taxable","12":"product-type-simple"},"_links":{"self":[{"href":"https:\/\/duartedepositoeacabamentos.com.br\/index.php?rest_route=\/wp\/v2\/product\/49","targetHints":{"allow":["GET"]}}],"collection":[{"href":"https:\/\/duartedepositoeacabamentos.com.br\/index.php?rest_route=\/wp\/v2\/product"}],"about":[{"href":"https:\/\/duartedepositoeacabamentos.com.br\/index.php?rest_route=\/wp\/v2\/types\/product"}],"wp:featuredmedia":[{"embeddable":true,"href":"https:\/\/duartedepositoeacabamentos.com.br\/index.php?rest_route=\/wp\/v2\/media\/109"}],"wp:attachment":[{"href":"https:\/\/duartedepositoeacabamentos.com.br\/index.php?rest_route=%2Fwp%2Fv2%2Fmedia&parent=49"}],"wp:term":[{"taxonomy":"product_brand","embeddable":true,"href":"https:\/\/duartedepositoeacabamentos.com.br\/index.php?rest_route=%2Fwp%2Fv2%2Fproduct_brand&post=49"},{"taxonomy":"product_cat","embeddable":true,"href":"https:\/\/duartedepositoeacabamentos.com.br\/index.php?rest_route=%2Fwp%2Fv2%2Fproduct_cat&post=49"},{"taxonomy":"product_tag","embeddable":true,"href":"https:\/\/duartedepositoeacabamentos.com.br\/index.php?rest_route=%2Fwp%2Fv2%2Fproduct_tag&post=49"}],"curies":[{"name":"wp","href":"https:\/\/api.w.org\/{rel}","templated":true}]}}