{"id":51,"date":"2024-03-19T08:24:28","date_gmt":"2024-03-19T11:24:28","guid":{"rendered":"https:\/\/duartedepositoeacabamentos.com.br\/?post_type=product&#038;p=51"},"modified":"2026-04-14T13:16:15","modified_gmt":"2026-04-14T16:16:15","slug":"prolongador-caixa-de-passag-pluvial-mallton","status":"publish","type":"product","link":"https:\/\/duartedepositoeacabamentos.com.br\/?product=prolongador-caixa-de-passag-pluvial-mallton","title":{"rendered":"PROLONGADOR CAIXA DE PASSAG\/PLUVIAL MALLTON Und. (\u00c0 VISTA)"},"content":{"rendered":"<p>Valor promocional R$28.00: \u00c0 VISTA<\/p>\n<p>Valor a prazo R$32.16: AT\u00c9 10x NO CART\u00c3O<\/p>\n<p>&nbsp;<\/p>\n<p>TEM A FINALIDADE DE AUMENTAR A ALTURA DA CAIXA DE PASSAGEM, PLUVIAL MALLTON<br \/>\nEM CASO ONDE A CAIXA DE GORDURA FICA ABAIXO DO N\u00cdVEL DO PISO.<\/p>\n<p>PROLONGADOR PARA CAIXA DE GORDURA PEQUENA 10 LITROS<\/p>\n<p>COM A ALTURA DE 20 CM PODENDO SER ACOPLADO VARIAS PE\u00c7AS AT\u00c9 A ALTURA DESEJADA.<br \/>\nCOM A OP\u00c7\u00c3O DE REGULAGEM COM CORTES SE NECESS\u00c1RIO.<\/p>\n<p>SERVE SOMENTE PARA AS CAIXAS MALLTON<br \/>\nFEITA EM POLIPROPILENO (PP) &#8211; COR PRETA<br \/>\nMEDIDAS 35,5 X 29 X 20 CM<br \/>\nRESISTENTE DE F\u00c1CIL INSTALA\u00c7\u00c3O E MANUSEIO.<\/p>\n","protected":false},"excerpt":{"rendered":"<p>Valor promocional R$28.00: \u00c0 VISTA Valor a prazo R$32.16: AT\u00c9 10x NO CART\u00c3O &nbsp; TEM A FINALIDADE DE AUMENTAR A ALTURA DA CAIXA DE PASSAGEM, PLUVIAL MALLTON EM CASO ONDE A CAIXA DE GORDURA FICA ABAIXO DO N\u00cdVEL DO PISO. PROLONGADOR PARA CAIXA DE GORDURA PEQUENA 10 LITROS COM A ALTURA DE 20 CM PODENDO &hellip; <\/p>\n<p class=\"link-more\"><a href=\"https:\/\/duartedepositoeacabamentos.com.br\/?product=prolongador-caixa-de-passag-pluvial-mallton\" class=\"more-link\">Continue reading<span class=\"screen-reader-text\"> &#8220;PROLONGADOR CAIXA DE PASSAG\/PLUVIAL MALLTON Und. (\u00c0 VISTA)&#8221;<\/span><\/a><\/p>\n","protected":false},"featured_media":111,"template":"","meta":[],"product_brand":[],"product_cat":[18],"product_tag":[],"class_list":{"0":"post-51","1":"product","2":"type-product","3":"status-publish","4":"has-post-thumbnail","6":"product_cat-hidraulica","8":"first","9":"instock","10":"sale","11":"shipping-taxable","12":"product-type-simple"},"_links":{"self":[{"href":"https:\/\/duartedepositoeacabamentos.com.br\/index.php?rest_route=\/wp\/v2\/product\/51","targetHints":{"allow":["GET"]}}],"collection":[{"href":"https:\/\/duartedepositoeacabamentos.com.br\/index.php?rest_route=\/wp\/v2\/product"}],"about":[{"href":"https:\/\/duartedepositoeacabamentos.com.br\/index.php?rest_route=\/wp\/v2\/types\/product"}],"wp:featuredmedia":[{"embeddable":true,"href":"https:\/\/duartedepositoeacabamentos.com.br\/index.php?rest_route=\/wp\/v2\/media\/111"}],"wp:attachment":[{"href":"https:\/\/duartedepositoeacabamentos.com.br\/index.php?rest_route=%2Fwp%2Fv2%2Fmedia&parent=51"}],"wp:term":[{"taxonomy":"product_brand","embeddable":true,"href":"https:\/\/duartedepositoeacabamentos.com.br\/index.php?rest_route=%2Fwp%2Fv2%2Fproduct_brand&post=51"},{"taxonomy":"product_cat","embeddable":true,"href":"https:\/\/duartedepositoeacabamentos.com.br\/index.php?rest_route=%2Fwp%2Fv2%2Fproduct_cat&post=51"},{"taxonomy":"product_tag","embeddable":true,"href":"https:\/\/duartedepositoeacabamentos.com.br\/index.php?rest_route=%2Fwp%2Fv2%2Fproduct_tag&post=51"}],"curies":[{"name":"wp","href":"https:\/\/api.w.org\/{rel}","templated":true}]}}