{"id":512,"date":"2024-12-18T11:28:58","date_gmt":"2024-12-18T14:28:58","guid":{"rendered":"https:\/\/duartedepositoeacabamentos.com.br\/?post_type=product&#038;p=512"},"modified":"2024-12-18T11:50:02","modified_gmt":"2024-12-18T14:50:02","slug":"registro-gaveta-marchezan-acabamento-40-und-a-vista","status":"publish","type":"product","link":"https:\/\/duartedepositoeacabamentos.com.br\/?product=registro-gaveta-marchezan-acabamento-40-und-a-vista","title":{"rendered":"REGISTRO GAVETA MARCHEZAN 1509 1\/2&#8243; C40 Und. (\u00c0 VISTA)"},"content":{"rendered":"<p>Valor promocional R$59.98 : \u00c0 VISTA<\/p>\n<p>Valor a prazo R$68.90 : AT\u00c9 10x NO CART\u00c3O<\/p>\n<p>&nbsp;<\/p>\n<p>OUTROS ACABAMENTOS REGISTRO GAVETA MARCHEZAN:<\/p>\n<ul>\n<li>ACABAMENTO C50<\/li>\n<\/ul>\n<p>Valor promocional R$65.90 : \u00c0 VISTA<\/p>\n<p>Valor a prazo R$75.70 : AT\u00c9 10x NO CART\u00c3O<\/p>\n<p>&nbsp;<\/p>\n","protected":false},"excerpt":{"rendered":"<p>Valor promocional R$59.98 : \u00c0 VISTA Valor a prazo R$68.90 : AT\u00c9 10x NO CART\u00c3O &nbsp; OUTROS ACABAMENTOS REGISTRO GAVETA MARCHEZAN: ACABAMENTO C50 Valor promocional R$65.90 : \u00c0 VISTA Valor a prazo R$75.70 : AT\u00c9 10x NO CART\u00c3O &nbsp;<\/p>\n","protected":false},"featured_media":513,"template":"","meta":[],"product_brand":[],"product_cat":[15],"product_tag":[],"class_list":{"0":"post-512","1":"product","2":"type-product","3":"status-publish","4":"has-post-thumbnail","6":"product_cat-sem-categoria","8":"first","9":"instock","10":"sale","11":"shipping-taxable","12":"product-type-simple"},"_links":{"self":[{"href":"https:\/\/duartedepositoeacabamentos.com.br\/index.php?rest_route=\/wp\/v2\/product\/512","targetHints":{"allow":["GET"]}}],"collection":[{"href":"https:\/\/duartedepositoeacabamentos.com.br\/index.php?rest_route=\/wp\/v2\/product"}],"about":[{"href":"https:\/\/duartedepositoeacabamentos.com.br\/index.php?rest_route=\/wp\/v2\/types\/product"}],"wp:featuredmedia":[{"embeddable":true,"href":"https:\/\/duartedepositoeacabamentos.com.br\/index.php?rest_route=\/wp\/v2\/media\/513"}],"wp:attachment":[{"href":"https:\/\/duartedepositoeacabamentos.com.br\/index.php?rest_route=%2Fwp%2Fv2%2Fmedia&parent=512"}],"wp:term":[{"taxonomy":"product_brand","embeddable":true,"href":"https:\/\/duartedepositoeacabamentos.com.br\/index.php?rest_route=%2Fwp%2Fv2%2Fproduct_brand&post=512"},{"taxonomy":"product_cat","embeddable":true,"href":"https:\/\/duartedepositoeacabamentos.com.br\/index.php?rest_route=%2Fwp%2Fv2%2Fproduct_cat&post=512"},{"taxonomy":"product_tag","embeddable":true,"href":"https:\/\/duartedepositoeacabamentos.com.br\/index.php?rest_route=%2Fwp%2Fv2%2Fproduct_tag&post=512"}],"curies":[{"name":"wp","href":"https:\/\/api.w.org\/{rel}","templated":true}]}}