{"id":524,"date":"2024-12-19T12:09:10","date_gmt":"2024-12-19T15:09:10","guid":{"rendered":"https:\/\/duartedepositoeacabamentos.com.br\/?post_type=product&#038;p=524"},"modified":"2024-12-19T12:14:49","modified_gmt":"2024-12-19T15:14:49","slug":"registro-pressao-metalkit-1-2-acabamento-1416-c34-und-a-vista","status":"publish","type":"product","link":"https:\/\/duartedepositoeacabamentos.com.br\/?product=registro-pressao-metalkit-1-2-acabamento-1416-c34-und-a-vista","title":{"rendered":"REGISTRO PRESS\u00c3O METALKIT 1\/2&#8243; ACABAMENTO 1416 \u00a0C34 Und. (\u00c0 VISTA)"},"content":{"rendered":"<p>Valor promocional R$26.03 : \u00c0 VISTA<\/p>\n<p>Valor a prazo R$29.90 : AT\u00c9 10x NO CART\u00c3O<\/p>\n<p>&nbsp;<\/p>\n<p>OUTRAS BITOLAS REGISTRO PRESS\u00c3O METALKIT:<\/p>\n<ul>\n<li>3\/4&#8243;<\/li>\n<\/ul>\n<p>Valor promocional R$29.50 : \u00c0 VISTA<\/p>\n<p>Valor a prazo R$33.90 : AT\u00c9 10x NO CART\u00c3O<\/p>\n","protected":false},"excerpt":{"rendered":"<p>Valor promocional R$26.03 : \u00c0 VISTA Valor a prazo R$29.90 : AT\u00c9 10x NO CART\u00c3O &nbsp; OUTRAS BITOLAS REGISTRO PRESS\u00c3O METALKIT: 3\/4&#8243; Valor promocional R$29.50 : \u00c0 VISTA Valor a prazo R$33.90 : AT\u00c9 10x NO CART\u00c3O<\/p>\n","protected":false},"featured_media":528,"template":"","meta":[],"product_brand":[],"product_cat":[15],"product_tag":[],"class_list":{"0":"post-524","1":"product","2":"type-product","3":"status-publish","4":"has-post-thumbnail","6":"product_cat-sem-categoria","8":"first","9":"instock","10":"sale","11":"shipping-taxable","12":"product-type-simple"},"_links":{"self":[{"href":"https:\/\/duartedepositoeacabamentos.com.br\/index.php?rest_route=\/wp\/v2\/product\/524","targetHints":{"allow":["GET"]}}],"collection":[{"href":"https:\/\/duartedepositoeacabamentos.com.br\/index.php?rest_route=\/wp\/v2\/product"}],"about":[{"href":"https:\/\/duartedepositoeacabamentos.com.br\/index.php?rest_route=\/wp\/v2\/types\/product"}],"wp:featuredmedia":[{"embeddable":true,"href":"https:\/\/duartedepositoeacabamentos.com.br\/index.php?rest_route=\/wp\/v2\/media\/528"}],"wp:attachment":[{"href":"https:\/\/duartedepositoeacabamentos.com.br\/index.php?rest_route=%2Fwp%2Fv2%2Fmedia&parent=524"}],"wp:term":[{"taxonomy":"product_brand","embeddable":true,"href":"https:\/\/duartedepositoeacabamentos.com.br\/index.php?rest_route=%2Fwp%2Fv2%2Fproduct_brand&post=524"},{"taxonomy":"product_cat","embeddable":true,"href":"https:\/\/duartedepositoeacabamentos.com.br\/index.php?rest_route=%2Fwp%2Fv2%2Fproduct_cat&post=524"},{"taxonomy":"product_tag","embeddable":true,"href":"https:\/\/duartedepositoeacabamentos.com.br\/index.php?rest_route=%2Fwp%2Fv2%2Fproduct_tag&post=524"}],"curies":[{"name":"wp","href":"https:\/\/api.w.org\/{rel}","templated":true}]}}