{"id":542,"date":"2024-12-19T13:05:30","date_gmt":"2024-12-19T16:05:30","guid":{"rendered":"https:\/\/duartedepositoeacabamentos.com.br\/?post_type=product&#038;p=542"},"modified":"2026-03-03T11:11:21","modified_gmt":"2026-03-03T14:11:21","slug":"pedra-gnais-calcamento-pequena-granel-m%c2%b3-a-vista","status":"publish","type":"product","link":"https:\/\/duartedepositoeacabamentos.com.br\/?product=pedra-gnais-calcamento-pequena-granel-m%c2%b3-a-vista","title":{"rendered":"PEDRA GNAIS CAL\u00c7AMENTO PEQUENA GRANEL m\u00b3 (\u00c0 VISTA)"},"content":{"rendered":"<p>Valor promocional R$230.60 : \u00c0 VISTA<\/p>\n<p>Valor a prazo R$264.90: AT\u00c9 10x NO CART\u00c3O<\/p>\n","protected":false},"excerpt":{"rendered":"<p>Valor promocional R$230.60 : \u00c0 VISTA Valor a prazo R$264.90: AT\u00c9 10x NO CART\u00c3O<\/p>\n","protected":false},"featured_media":543,"template":"","meta":[],"product_brand":[],"product_cat":[15],"product_tag":[],"class_list":{"0":"post-542","1":"product","2":"type-product","3":"status-publish","4":"has-post-thumbnail","6":"product_cat-sem-categoria","8":"first","9":"instock","10":"sale","11":"shipping-taxable","12":"product-type-simple"},"_links":{"self":[{"href":"https:\/\/duartedepositoeacabamentos.com.br\/index.php?rest_route=\/wp\/v2\/product\/542","targetHints":{"allow":["GET"]}}],"collection":[{"href":"https:\/\/duartedepositoeacabamentos.com.br\/index.php?rest_route=\/wp\/v2\/product"}],"about":[{"href":"https:\/\/duartedepositoeacabamentos.com.br\/index.php?rest_route=\/wp\/v2\/types\/product"}],"wp:featuredmedia":[{"embeddable":true,"href":"https:\/\/duartedepositoeacabamentos.com.br\/index.php?rest_route=\/wp\/v2\/media\/543"}],"wp:attachment":[{"href":"https:\/\/duartedepositoeacabamentos.com.br\/index.php?rest_route=%2Fwp%2Fv2%2Fmedia&parent=542"}],"wp:term":[{"taxonomy":"product_brand","embeddable":true,"href":"https:\/\/duartedepositoeacabamentos.com.br\/index.php?rest_route=%2Fwp%2Fv2%2Fproduct_brand&post=542"},{"taxonomy":"product_cat","embeddable":true,"href":"https:\/\/duartedepositoeacabamentos.com.br\/index.php?rest_route=%2Fwp%2Fv2%2Fproduct_cat&post=542"},{"taxonomy":"product_tag","embeddable":true,"href":"https:\/\/duartedepositoeacabamentos.com.br\/index.php?rest_route=%2Fwp%2Fv2%2Fproduct_tag&post=542"}],"curies":[{"name":"wp","href":"https:\/\/api.w.org\/{rel}","templated":true}]}}