{"id":572,"date":"2025-01-07T11:15:20","date_gmt":"2025-01-07T14:15:20","guid":{"rendered":"https:\/\/duartedepositoeacabamentos.com.br\/?post_type=product&#038;p=572"},"modified":"2025-04-29T12:57:07","modified_gmt":"2025-04-29T15:57:07","slug":"churrasqueira-bom-jesus-3-espetos-colonial-und-a-vista","status":"publish","type":"product","link":"https:\/\/duartedepositoeacabamentos.com.br\/?product=churrasqueira-bom-jesus-3-espetos-colonial-und-a-vista","title":{"rendered":"CHURRASQUEIRA BOM JESUS 3 ESPETOS COLONIAL Und. (\u00c0 VISTA)"},"content":{"rendered":"<p>Valor promocional R$696.31 : \u00c0 VISTA<\/p>\n<p>Valor a prazo R$799.90 : AT\u00c9 10x NO CART\u00c3O<\/p>\n<p>&nbsp;<\/p>\n<p>CORES CHURRASQUEIRA BOM JESUS 3 ESPETOS COLONIAL DISPON\u00cdVEIS :<\/p>\n<p>TERRACOTA, PRETA E MARFIM.<\/p>\n","protected":false},"excerpt":{"rendered":"<p>Valor promocional R$696.31 : \u00c0 VISTA Valor a prazo R$799.90 : AT\u00c9 10x NO CART\u00c3O &nbsp; CORES CHURRASQUEIRA BOM JESUS 3 ESPETOS COLONIAL DISPON\u00cdVEIS : TERRACOTA, PRETA E MARFIM.<\/p>\n","protected":false},"featured_media":569,"template":"","meta":[],"product_brand":[],"product_cat":[15],"product_tag":[],"class_list":{"0":"post-572","1":"product","2":"type-product","3":"status-publish","4":"has-post-thumbnail","6":"product_cat-sem-categoria","8":"first","9":"instock","10":"sale","11":"shipping-taxable","12":"product-type-simple"},"_links":{"self":[{"href":"https:\/\/duartedepositoeacabamentos.com.br\/index.php?rest_route=\/wp\/v2\/product\/572","targetHints":{"allow":["GET"]}}],"collection":[{"href":"https:\/\/duartedepositoeacabamentos.com.br\/index.php?rest_route=\/wp\/v2\/product"}],"about":[{"href":"https:\/\/duartedepositoeacabamentos.com.br\/index.php?rest_route=\/wp\/v2\/types\/product"}],"wp:featuredmedia":[{"embeddable":true,"href":"https:\/\/duartedepositoeacabamentos.com.br\/index.php?rest_route=\/wp\/v2\/media\/569"}],"wp:attachment":[{"href":"https:\/\/duartedepositoeacabamentos.com.br\/index.php?rest_route=%2Fwp%2Fv2%2Fmedia&parent=572"}],"wp:term":[{"taxonomy":"product_brand","embeddable":true,"href":"https:\/\/duartedepositoeacabamentos.com.br\/index.php?rest_route=%2Fwp%2Fv2%2Fproduct_brand&post=572"},{"taxonomy":"product_cat","embeddable":true,"href":"https:\/\/duartedepositoeacabamentos.com.br\/index.php?rest_route=%2Fwp%2Fv2%2Fproduct_cat&post=572"},{"taxonomy":"product_tag","embeddable":true,"href":"https:\/\/duartedepositoeacabamentos.com.br\/index.php?rest_route=%2Fwp%2Fv2%2Fproduct_tag&post=572"}],"curies":[{"name":"wp","href":"https:\/\/api.w.org\/{rel}","templated":true}]}}