{"id":573,"date":"2025-01-07T11:23:11","date_gmt":"2025-01-07T14:23:11","guid":{"rendered":"https:\/\/duartedepositoeacabamentos.com.br\/?post_type=product&#038;p=573"},"modified":"2025-11-18T11:29:10","modified_gmt":"2025-11-18T14:29:10","slug":"churrasqueira-3-e-4-espetos-natural-und-a-vista","status":"publish","type":"product","link":"https:\/\/duartedepositoeacabamentos.com.br\/?product=churrasqueira-3-e-4-espetos-natural-und-a-vista","title":{"rendered":"CHURRASQUEIRA 3 ESPETOS NATURAL Und. (\u00c0 VISTA)"},"content":{"rendered":"<blockquote><p>3 ESPETOS :<\/p><\/blockquote>\n<p>Valor promocional R$661.50 : \u00c0 VISTA<\/p>\n<p>Valor a prazo R$759.90: AT\u00c9 10x NO CART\u00c3O<\/p>\n<p>&nbsp;<\/p>\n<p>4 ESPETOS:<\/p>\n<p>Valor promocional R$670.20 : \u00c0 VISTA<\/p>\n<p>Valor a prazo R$769.90 : AT\u00c9 10x NO CART\u00c3O<\/p>\n<p>&nbsp;<\/p>\n<p>&nbsp;<\/p>\n","protected":false},"excerpt":{"rendered":"<p>3 ESPETOS : Valor promocional R$661.50 : \u00c0 VISTA Valor a prazo R$759.90: AT\u00c9 10x NO CART\u00c3O &nbsp; 4 ESPETOS: Valor promocional R$670.20 : \u00c0 VISTA Valor a prazo R$769.90 : AT\u00c9 10x NO CART\u00c3O &nbsp; &nbsp;<\/p>\n","protected":false},"featured_media":575,"template":"","meta":[],"product_brand":[],"product_cat":[15],"product_tag":[],"class_list":{"0":"post-573","1":"product","2":"type-product","3":"status-publish","4":"has-post-thumbnail","6":"product_cat-sem-categoria","8":"first","9":"instock","10":"sale","11":"shipping-taxable","12":"product-type-simple"},"_links":{"self":[{"href":"https:\/\/duartedepositoeacabamentos.com.br\/index.php?rest_route=\/wp\/v2\/product\/573","targetHints":{"allow":["GET"]}}],"collection":[{"href":"https:\/\/duartedepositoeacabamentos.com.br\/index.php?rest_route=\/wp\/v2\/product"}],"about":[{"href":"https:\/\/duartedepositoeacabamentos.com.br\/index.php?rest_route=\/wp\/v2\/types\/product"}],"wp:featuredmedia":[{"embeddable":true,"href":"https:\/\/duartedepositoeacabamentos.com.br\/index.php?rest_route=\/wp\/v2\/media\/575"}],"wp:attachment":[{"href":"https:\/\/duartedepositoeacabamentos.com.br\/index.php?rest_route=%2Fwp%2Fv2%2Fmedia&parent=573"}],"wp:term":[{"taxonomy":"product_brand","embeddable":true,"href":"https:\/\/duartedepositoeacabamentos.com.br\/index.php?rest_route=%2Fwp%2Fv2%2Fproduct_brand&post=573"},{"taxonomy":"product_cat","embeddable":true,"href":"https:\/\/duartedepositoeacabamentos.com.br\/index.php?rest_route=%2Fwp%2Fv2%2Fproduct_cat&post=573"},{"taxonomy":"product_tag","embeddable":true,"href":"https:\/\/duartedepositoeacabamentos.com.br\/index.php?rest_route=%2Fwp%2Fv2%2Fproduct_tag&post=573"}],"curies":[{"name":"wp","href":"https:\/\/api.w.org\/{rel}","templated":true}]}}