{"id":584,"date":"2025-01-07T12:06:49","date_gmt":"2025-01-07T15:06:49","guid":{"rendered":"https:\/\/duartedepositoeacabamentos.com.br\/?post_type=product&#038;p=584"},"modified":"2026-04-17T15:03:29","modified_gmt":"2026-04-17T18:03:29","slug":"tinta-bema-classic-18-litros-und-a-vista","status":"publish","type":"product","link":"https:\/\/duartedepositoeacabamentos.com.br\/?product=tinta-bema-classic-18-litros-und-a-vista","title":{"rendered":"TINTA BEMA CLASSIC 18 LITROS Und. (\u00c0 VISTA)"},"content":{"rendered":"<p>Valor promocional R$258.11: \u00c0 VISTA<\/p>\n<p>Valor a prazo R$296.51: AT\u00c9 10x NO CART\u00c3O<\/p>\n<p>&nbsp;<\/p>\n<p>CORES TINTA BEMA CLASSIC 18 LITROS :<\/p>\n<p>BRANCO, AREIA, BRANCO GELO, BRANCO SERENO, CAMUR\u00c7A, TANGERINA, VERMELHO.<\/p>\n","protected":false},"excerpt":{"rendered":"<p>Valor promocional R$258.11: \u00c0 VISTA Valor a prazo R$296.51: AT\u00c9 10x NO CART\u00c3O &nbsp; CORES TINTA BEMA CLASSIC 18 LITROS : BRANCO, AREIA, BRANCO GELO, BRANCO SERENO, CAMUR\u00c7A, TANGERINA, VERMELHO.<\/p>\n","protected":false},"featured_media":585,"template":"","meta":[],"product_brand":[],"product_cat":[15],"product_tag":[],"class_list":{"0":"post-584","1":"product","2":"type-product","3":"status-publish","4":"has-post-thumbnail","6":"product_cat-sem-categoria","8":"first","9":"instock","10":"sale","11":"shipping-taxable","12":"product-type-simple"},"_links":{"self":[{"href":"https:\/\/duartedepositoeacabamentos.com.br\/index.php?rest_route=\/wp\/v2\/product\/584","targetHints":{"allow":["GET"]}}],"collection":[{"href":"https:\/\/duartedepositoeacabamentos.com.br\/index.php?rest_route=\/wp\/v2\/product"}],"about":[{"href":"https:\/\/duartedepositoeacabamentos.com.br\/index.php?rest_route=\/wp\/v2\/types\/product"}],"wp:featuredmedia":[{"embeddable":true,"href":"https:\/\/duartedepositoeacabamentos.com.br\/index.php?rest_route=\/wp\/v2\/media\/585"}],"wp:attachment":[{"href":"https:\/\/duartedepositoeacabamentos.com.br\/index.php?rest_route=%2Fwp%2Fv2%2Fmedia&parent=584"}],"wp:term":[{"taxonomy":"product_brand","embeddable":true,"href":"https:\/\/duartedepositoeacabamentos.com.br\/index.php?rest_route=%2Fwp%2Fv2%2Fproduct_brand&post=584"},{"taxonomy":"product_cat","embeddable":true,"href":"https:\/\/duartedepositoeacabamentos.com.br\/index.php?rest_route=%2Fwp%2Fv2%2Fproduct_cat&post=584"},{"taxonomy":"product_tag","embeddable":true,"href":"https:\/\/duartedepositoeacabamentos.com.br\/index.php?rest_route=%2Fwp%2Fv2%2Fproduct_tag&post=584"}],"curies":[{"name":"wp","href":"https:\/\/api.w.org\/{rel}","templated":true}]}}