{"id":586,"date":"2025-01-07T12:10:02","date_gmt":"2025-01-07T15:10:02","guid":{"rendered":"https:\/\/duartedepositoeacabamentos.com.br\/?post_type=product&#038;p=586"},"modified":"2026-04-17T15:04:39","modified_gmt":"2026-04-17T18:04:39","slug":"tinta-bema-piso-18-litros-und-a-vista","status":"publish","type":"product","link":"https:\/\/duartedepositoeacabamentos.com.br\/?product=tinta-bema-piso-18-litros-und-a-vista","title":{"rendered":"TINTA BEMA PISO 18 LITROS\u00a0Und. (\u00c0 VISTA)"},"content":{"rendered":"<p>Valor promocional R$265.61: \u00c0 VISTA<\/p>\n<p>Valor a prazo R$305.12: AT\u00c9 10x NO CART\u00c3O<\/p>\n<p>&nbsp;<\/p>\n<p>CORES TINTA BEMA PISO 18 LITROS :<\/p>\n<p>CINZA E CINZA CHUMBO.<\/p>\n<p>&nbsp;<\/p>\n","protected":false},"excerpt":{"rendered":"<p>Valor promocional R$265.61: \u00c0 VISTA Valor a prazo R$305.12: AT\u00c9 10x NO CART\u00c3O &nbsp; CORES TINTA BEMA PISO 18 LITROS : CINZA E CINZA CHUMBO. &nbsp;<\/p>\n","protected":false},"featured_media":587,"template":"","meta":[],"product_brand":[],"product_cat":[15],"product_tag":[],"class_list":{"0":"post-586","1":"product","2":"type-product","3":"status-publish","4":"has-post-thumbnail","6":"product_cat-sem-categoria","8":"first","9":"instock","10":"sale","11":"shipping-taxable","12":"product-type-simple"},"_links":{"self":[{"href":"https:\/\/duartedepositoeacabamentos.com.br\/index.php?rest_route=\/wp\/v2\/product\/586","targetHints":{"allow":["GET"]}}],"collection":[{"href":"https:\/\/duartedepositoeacabamentos.com.br\/index.php?rest_route=\/wp\/v2\/product"}],"about":[{"href":"https:\/\/duartedepositoeacabamentos.com.br\/index.php?rest_route=\/wp\/v2\/types\/product"}],"wp:featuredmedia":[{"embeddable":true,"href":"https:\/\/duartedepositoeacabamentos.com.br\/index.php?rest_route=\/wp\/v2\/media\/587"}],"wp:attachment":[{"href":"https:\/\/duartedepositoeacabamentos.com.br\/index.php?rest_route=%2Fwp%2Fv2%2Fmedia&parent=586"}],"wp:term":[{"taxonomy":"product_brand","embeddable":true,"href":"https:\/\/duartedepositoeacabamentos.com.br\/index.php?rest_route=%2Fwp%2Fv2%2Fproduct_brand&post=586"},{"taxonomy":"product_cat","embeddable":true,"href":"https:\/\/duartedepositoeacabamentos.com.br\/index.php?rest_route=%2Fwp%2Fv2%2Fproduct_cat&post=586"},{"taxonomy":"product_tag","embeddable":true,"href":"https:\/\/duartedepositoeacabamentos.com.br\/index.php?rest_route=%2Fwp%2Fv2%2Fproduct_tag&post=586"}],"curies":[{"name":"wp","href":"https:\/\/api.w.org\/{rel}","templated":true}]}}