{"id":593,"date":"2025-01-07T13:44:37","date_gmt":"2025-01-07T16:44:37","guid":{"rendered":"https:\/\/duartedepositoeacabamentos.com.br\/?post_type=product&#038;p=593"},"modified":"2025-04-29T11:52:43","modified_gmt":"2025-04-29T14:52:43","slug":"saco-de-areia-lavada-media-peneirada-18kg-und-a-vista","status":"publish","type":"product","link":"https:\/\/duartedepositoeacabamentos.com.br\/?product=saco-de-areia-lavada-media-peneirada-18kg-und-a-vista","title":{"rendered":"SACO DE AREIA LAVADA M\u00c9DIA PENEIRADA 18kg Und. (\u00c0 VISTA)"},"content":{"rendered":"<ol>\n<li>Valor promocional R$9.90 : \u00c0 VISTA<\/li>\n<\/ol>\n<p>Valor a prazo R$11.38 : AT\u00c9 10x NO CART\u00c3O<\/p>\n<p>&nbsp;<\/p>\n","protected":false},"excerpt":{"rendered":"<p>Valor promocional R$9.90 : \u00c0 VISTA Valor a prazo R$11.38 : AT\u00c9 10x NO CART\u00c3O &nbsp;<\/p>\n","protected":false},"featured_media":594,"template":"","meta":[],"product_brand":[],"product_cat":[15],"product_tag":[],"class_list":{"0":"post-593","1":"product","2":"type-product","3":"status-publish","4":"has-post-thumbnail","6":"product_cat-sem-categoria","8":"first","9":"instock","10":"sale","11":"shipping-taxable","12":"product-type-simple"},"_links":{"self":[{"href":"https:\/\/duartedepositoeacabamentos.com.br\/index.php?rest_route=\/wp\/v2\/product\/593","targetHints":{"allow":["GET"]}}],"collection":[{"href":"https:\/\/duartedepositoeacabamentos.com.br\/index.php?rest_route=\/wp\/v2\/product"}],"about":[{"href":"https:\/\/duartedepositoeacabamentos.com.br\/index.php?rest_route=\/wp\/v2\/types\/product"}],"wp:featuredmedia":[{"embeddable":true,"href":"https:\/\/duartedepositoeacabamentos.com.br\/index.php?rest_route=\/wp\/v2\/media\/594"}],"wp:attachment":[{"href":"https:\/\/duartedepositoeacabamentos.com.br\/index.php?rest_route=%2Fwp%2Fv2%2Fmedia&parent=593"}],"wp:term":[{"taxonomy":"product_brand","embeddable":true,"href":"https:\/\/duartedepositoeacabamentos.com.br\/index.php?rest_route=%2Fwp%2Fv2%2Fproduct_brand&post=593"},{"taxonomy":"product_cat","embeddable":true,"href":"https:\/\/duartedepositoeacabamentos.com.br\/index.php?rest_route=%2Fwp%2Fv2%2Fproduct_cat&post=593"},{"taxonomy":"product_tag","embeddable":true,"href":"https:\/\/duartedepositoeacabamentos.com.br\/index.php?rest_route=%2Fwp%2Fv2%2Fproduct_tag&post=593"}],"curies":[{"name":"wp","href":"https:\/\/api.w.org\/{rel}","templated":true}]}}