{"id":656,"date":"2025-01-16T14:19:33","date_gmt":"2025-01-16T17:19:33","guid":{"rendered":"https:\/\/duartedepositoeacabamentos.com.br\/?post_type=product&#038;p=656"},"modified":"2025-01-16T14:19:33","modified_gmt":"2025-01-16T17:19:33","slug":"gabinete-amelia-com-tanque-1-bojo-61x61-und-a-vista","status":"publish","type":"product","link":"https:\/\/duartedepositoeacabamentos.com.br\/?product=gabinete-amelia-com-tanque-1-bojo-61x61-und-a-vista","title":{"rendered":"GABINETE AM\u00c9LIA COM TANQUE 1 BOJO 61X61\u00a0Und. (\u00c0 VISTA)"},"content":{"rendered":"<p>Valor promocional R$517.22 : \u00c0 VISTA<\/p>\n<p>Valor a prazo R$594.16 : AT\u00c9 10x NO CART\u00c3O<\/p>\n<p>CORES DISPON\u00cdVEIS :<\/p>\n<p>GELO E PRETO.<\/p>\n","protected":false},"excerpt":{"rendered":"<p>Valor promocional R$517.22 : \u00c0 VISTA Valor a prazo R$594.16 : AT\u00c9 10x NO CART\u00c3O CORES DISPON\u00cdVEIS : GELO E PRETO.<\/p>\n","protected":false},"featured_media":657,"template":"","meta":[],"product_brand":[],"product_cat":[15],"product_tag":[],"class_list":{"0":"post-656","1":"product","2":"type-product","3":"status-publish","4":"has-post-thumbnail","6":"product_cat-sem-categoria","8":"first","9":"instock","10":"sale","11":"shipping-taxable","12":"product-type-simple"},"_links":{"self":[{"href":"https:\/\/duartedepositoeacabamentos.com.br\/index.php?rest_route=\/wp\/v2\/product\/656","targetHints":{"allow":["GET"]}}],"collection":[{"href":"https:\/\/duartedepositoeacabamentos.com.br\/index.php?rest_route=\/wp\/v2\/product"}],"about":[{"href":"https:\/\/duartedepositoeacabamentos.com.br\/index.php?rest_route=\/wp\/v2\/types\/product"}],"wp:featuredmedia":[{"embeddable":true,"href":"https:\/\/duartedepositoeacabamentos.com.br\/index.php?rest_route=\/wp\/v2\/media\/657"}],"wp:attachment":[{"href":"https:\/\/duartedepositoeacabamentos.com.br\/index.php?rest_route=%2Fwp%2Fv2%2Fmedia&parent=656"}],"wp:term":[{"taxonomy":"product_brand","embeddable":true,"href":"https:\/\/duartedepositoeacabamentos.com.br\/index.php?rest_route=%2Fwp%2Fv2%2Fproduct_brand&post=656"},{"taxonomy":"product_cat","embeddable":true,"href":"https:\/\/duartedepositoeacabamentos.com.br\/index.php?rest_route=%2Fwp%2Fv2%2Fproduct_cat&post=656"},{"taxonomy":"product_tag","embeddable":true,"href":"https:\/\/duartedepositoeacabamentos.com.br\/index.php?rest_route=%2Fwp%2Fv2%2Fproduct_tag&post=656"}],"curies":[{"name":"wp","href":"https:\/\/api.w.org\/{rel}","templated":true}]}}