{"id":663,"date":"2025-01-16T14:30:28","date_gmt":"2025-01-16T17:30:28","guid":{"rendered":"https:\/\/duartedepositoeacabamentos.com.br\/?post_type=product&#038;p=663"},"modified":"2025-01-16T14:30:28","modified_gmt":"2025-01-16T17:30:28","slug":"gabinete-cozimax-com-tanque-60x50-venus-und-a-vista","status":"publish","type":"product","link":"https:\/\/duartedepositoeacabamentos.com.br\/?product=gabinete-cozimax-com-tanque-60x50-venus-und-a-vista","title":{"rendered":"GABINETE COZIMAX COM TANQUE 60X50 VENUS\u00a0 Und. (\u00c0 VISTA)"},"content":{"rendered":"<p>Valor promocional R$617.97 : \u00c0 VISTA<\/p>\n<p>Valor a prazo R$709.90 : AT\u00c9 10x NO CART\u00c3O<\/p>\n<p>CORES DISPON\u00cdVEIS:<\/p>\n<p>GELO E PRETO.<\/p>\n","protected":false},"excerpt":{"rendered":"<p>Valor promocional R$617.97 : \u00c0 VISTA Valor a prazo R$709.90 : AT\u00c9 10x NO CART\u00c3O CORES DISPON\u00cdVEIS: GELO E PRETO.<\/p>\n","protected":false},"featured_media":664,"template":"","meta":[],"product_brand":[],"product_cat":[15],"product_tag":[],"class_list":{"0":"post-663","1":"product","2":"type-product","3":"status-publish","4":"has-post-thumbnail","6":"product_cat-sem-categoria","8":"first","9":"instock","10":"sale","11":"shipping-taxable","12":"product-type-simple"},"_links":{"self":[{"href":"https:\/\/duartedepositoeacabamentos.com.br\/index.php?rest_route=\/wp\/v2\/product\/663","targetHints":{"allow":["GET"]}}],"collection":[{"href":"https:\/\/duartedepositoeacabamentos.com.br\/index.php?rest_route=\/wp\/v2\/product"}],"about":[{"href":"https:\/\/duartedepositoeacabamentos.com.br\/index.php?rest_route=\/wp\/v2\/types\/product"}],"wp:featuredmedia":[{"embeddable":true,"href":"https:\/\/duartedepositoeacabamentos.com.br\/index.php?rest_route=\/wp\/v2\/media\/664"}],"wp:attachment":[{"href":"https:\/\/duartedepositoeacabamentos.com.br\/index.php?rest_route=%2Fwp%2Fv2%2Fmedia&parent=663"}],"wp:term":[{"taxonomy":"product_brand","embeddable":true,"href":"https:\/\/duartedepositoeacabamentos.com.br\/index.php?rest_route=%2Fwp%2Fv2%2Fproduct_brand&post=663"},{"taxonomy":"product_cat","embeddable":true,"href":"https:\/\/duartedepositoeacabamentos.com.br\/index.php?rest_route=%2Fwp%2Fv2%2Fproduct_cat&post=663"},{"taxonomy":"product_tag","embeddable":true,"href":"https:\/\/duartedepositoeacabamentos.com.br\/index.php?rest_route=%2Fwp%2Fv2%2Fproduct_tag&post=663"}],"curies":[{"name":"wp","href":"https:\/\/api.w.org\/{rel}","templated":true}]}}