{"id":712,"date":"2025-02-17T15:21:04","date_gmt":"2025-02-17T18:21:04","guid":{"rendered":"https:\/\/duartedepositoeacabamentos.com.br\/?post_type=product&#038;p=712"},"modified":"2025-11-18T11:01:41","modified_gmt":"2025-11-18T14:01:41","slug":"piso-rocha-prime-retificado-70x70-bege-m%c2%b2-a-vista","status":"publish","type":"product","link":"https:\/\/duartedepositoeacabamentos.com.br\/?product=piso-rocha-prime-retificado-70x70-bege-m%c2%b2-a-vista","title":{"rendered":"PISO ROCHA PRIME RETIFICADO 70X70 BEGE m\u00b2 (\u00c0 VISTA)"},"content":{"rendered":"<p class=\"p1\"><span class=\"s1\">Valor promocional R$26.97<\/span><span class=\"s1\">: \u00c0 VISTA<\/span><\/p>\n<p class=\"p1\"><span class=\"s1\">Valor a prazo R$30.98: AT\u00c9 10x NO CART\u00c3O<\/span><\/p>\n","protected":false},"excerpt":{"rendered":"<p>Valor promocional R$26.97: \u00c0 VISTA Valor a prazo R$30.98: AT\u00c9 10x NO CART\u00c3O<\/p>\n","protected":false},"featured_media":713,"template":"","meta":[],"product_brand":[],"product_cat":[15],"product_tag":[],"class_list":{"0":"post-712","1":"product","2":"type-product","3":"status-publish","4":"has-post-thumbnail","6":"product_cat-sem-categoria","8":"first","9":"instock","10":"sale","11":"shipping-taxable","12":"product-type-simple"},"_links":{"self":[{"href":"https:\/\/duartedepositoeacabamentos.com.br\/index.php?rest_route=\/wp\/v2\/product\/712","targetHints":{"allow":["GET"]}}],"collection":[{"href":"https:\/\/duartedepositoeacabamentos.com.br\/index.php?rest_route=\/wp\/v2\/product"}],"about":[{"href":"https:\/\/duartedepositoeacabamentos.com.br\/index.php?rest_route=\/wp\/v2\/types\/product"}],"wp:featuredmedia":[{"embeddable":true,"href":"https:\/\/duartedepositoeacabamentos.com.br\/index.php?rest_route=\/wp\/v2\/media\/713"}],"wp:attachment":[{"href":"https:\/\/duartedepositoeacabamentos.com.br\/index.php?rest_route=%2Fwp%2Fv2%2Fmedia&parent=712"}],"wp:term":[{"taxonomy":"product_brand","embeddable":true,"href":"https:\/\/duartedepositoeacabamentos.com.br\/index.php?rest_route=%2Fwp%2Fv2%2Fproduct_brand&post=712"},{"taxonomy":"product_cat","embeddable":true,"href":"https:\/\/duartedepositoeacabamentos.com.br\/index.php?rest_route=%2Fwp%2Fv2%2Fproduct_cat&post=712"},{"taxonomy":"product_tag","embeddable":true,"href":"https:\/\/duartedepositoeacabamentos.com.br\/index.php?rest_route=%2Fwp%2Fv2%2Fproduct_tag&post=712"}],"curies":[{"name":"wp","href":"https:\/\/api.w.org\/{rel}","templated":true}]}}