{"id":722,"date":"2025-02-20T13:51:31","date_gmt":"2025-02-20T16:51:31","guid":{"rendered":"https:\/\/duartedepositoeacabamentos.com.br\/?post_type=product&#038;p=722"},"modified":"2026-01-30T15:53:11","modified_gmt":"2026-01-30T18:53:11","slug":"espelheira-mgm-ori-metalon-cimento-und-a-vista","status":"publish","type":"product","link":"https:\/\/duartedepositoeacabamentos.com.br\/?product=espelheira-mgm-ori-metalon-cimento-und-a-vista","title":{"rendered":"ESPELHEIRA MGM ORI METALON CIMENTO Und. (\u00c0 VISTA)"},"content":{"rendered":"<p class=\"p1\"><span class=\"s1\">Valor promocional R$275,17 : \u00c0 VISTA<\/span><\/p>\n<p class=\"p1\"><span class=\"s1\">Valor a prazo R$316,10 : AT\u00c9 10x NO CART\u00c3O<\/span><\/p>\n","protected":false},"excerpt":{"rendered":"<p>Valor promocional R$275,17 : \u00c0 VISTA Valor a prazo R$316,10 : AT\u00c9 10x NO CART\u00c3O<\/p>\n","protected":false},"featured_media":723,"template":"","meta":[],"product_brand":[],"product_cat":[15],"product_tag":[],"class_list":{"0":"post-722","1":"product","2":"type-product","3":"status-publish","4":"has-post-thumbnail","6":"product_cat-sem-categoria","8":"first","9":"instock","10":"sale","11":"shipping-taxable","12":"product-type-simple"},"_links":{"self":[{"href":"https:\/\/duartedepositoeacabamentos.com.br\/index.php?rest_route=\/wp\/v2\/product\/722","targetHints":{"allow":["GET"]}}],"collection":[{"href":"https:\/\/duartedepositoeacabamentos.com.br\/index.php?rest_route=\/wp\/v2\/product"}],"about":[{"href":"https:\/\/duartedepositoeacabamentos.com.br\/index.php?rest_route=\/wp\/v2\/types\/product"}],"wp:featuredmedia":[{"embeddable":true,"href":"https:\/\/duartedepositoeacabamentos.com.br\/index.php?rest_route=\/wp\/v2\/media\/723"}],"wp:attachment":[{"href":"https:\/\/duartedepositoeacabamentos.com.br\/index.php?rest_route=%2Fwp%2Fv2%2Fmedia&parent=722"}],"wp:term":[{"taxonomy":"product_brand","embeddable":true,"href":"https:\/\/duartedepositoeacabamentos.com.br\/index.php?rest_route=%2Fwp%2Fv2%2Fproduct_brand&post=722"},{"taxonomy":"product_cat","embeddable":true,"href":"https:\/\/duartedepositoeacabamentos.com.br\/index.php?rest_route=%2Fwp%2Fv2%2Fproduct_cat&post=722"},{"taxonomy":"product_tag","embeddable":true,"href":"https:\/\/duartedepositoeacabamentos.com.br\/index.php?rest_route=%2Fwp%2Fv2%2Fproduct_tag&post=722"}],"curies":[{"name":"wp","href":"https:\/\/api.w.org\/{rel}","templated":true}]}}