{"id":761,"date":"2025-03-26T09:39:42","date_gmt":"2025-03-26T12:39:42","guid":{"rendered":"https:\/\/duartedepositoeacabamentos.com.br\/?post_type=product&#038;p=761"},"modified":"2025-10-03T14:43:52","modified_gmt":"2025-10-03T17:43:52","slug":"piso-fiorano-volga-retificado","status":"publish","type":"product","link":"https:\/\/duartedepositoeacabamentos.com.br\/?product=piso-fiorano-volga-retificado","title":{"rendered":"PISO FIORANO VOLGA 61X61 RETIFICADO m\u00b2 (\u00c0 VISTA)"},"content":{"rendered":"<p class=\"p2\"><span class=\"s1\">Valor promocional R$25.98<\/span><span class=\"s1\">: \u00c0 VISTA<\/span><\/p>\n<p class=\"p2\"><span class=\"s1\">Valor a prazo R$29.85 : AT\u00c9 10x NO CART\u00c3O<\/span><\/p>\n","protected":false},"excerpt":{"rendered":"<p>Valor promocional R$25.98: \u00c0 VISTA Valor a prazo R$29.85 : AT\u00c9 10x NO CART\u00c3O<\/p>\n","protected":false},"featured_media":762,"template":"","meta":[],"product_brand":[],"product_cat":[15],"product_tag":[],"class_list":{"0":"post-761","1":"product","2":"type-product","3":"status-publish","4":"has-post-thumbnail","6":"product_cat-sem-categoria","8":"first","9":"instock","10":"sale","11":"shipping-taxable","12":"product-type-simple"},"_links":{"self":[{"href":"https:\/\/duartedepositoeacabamentos.com.br\/index.php?rest_route=\/wp\/v2\/product\/761","targetHints":{"allow":["GET"]}}],"collection":[{"href":"https:\/\/duartedepositoeacabamentos.com.br\/index.php?rest_route=\/wp\/v2\/product"}],"about":[{"href":"https:\/\/duartedepositoeacabamentos.com.br\/index.php?rest_route=\/wp\/v2\/types\/product"}],"wp:featuredmedia":[{"embeddable":true,"href":"https:\/\/duartedepositoeacabamentos.com.br\/index.php?rest_route=\/wp\/v2\/media\/762"}],"wp:attachment":[{"href":"https:\/\/duartedepositoeacabamentos.com.br\/index.php?rest_route=%2Fwp%2Fv2%2Fmedia&parent=761"}],"wp:term":[{"taxonomy":"product_brand","embeddable":true,"href":"https:\/\/duartedepositoeacabamentos.com.br\/index.php?rest_route=%2Fwp%2Fv2%2Fproduct_brand&post=761"},{"taxonomy":"product_cat","embeddable":true,"href":"https:\/\/duartedepositoeacabamentos.com.br\/index.php?rest_route=%2Fwp%2Fv2%2Fproduct_cat&post=761"},{"taxonomy":"product_tag","embeddable":true,"href":"https:\/\/duartedepositoeacabamentos.com.br\/index.php?rest_route=%2Fwp%2Fv2%2Fproduct_tag&post=761"}],"curies":[{"name":"wp","href":"https:\/\/api.w.org\/{rel}","templated":true}]}}