{"id":82,"date":"2024-03-19T08:24:50","date_gmt":"2024-03-19T11:24:50","guid":{"rendered":"https:\/\/duartedepositoeacabamentos.com.br\/?post_type=product&#038;p=82"},"modified":"2024-12-09T12:10:17","modified_gmt":"2024-12-09T15:10:17","slug":"escada-banqueta-aluminio-mor","status":"publish","type":"product","link":"https:\/\/duartedepositoeacabamentos.com.br\/?product=escada-banqueta-aluminio-mor","title":{"rendered":"ESCADA BANQUETA DOBR\u00c1VEL ALUM\u00cdNIO 3 DEGRAUS MOR BOTAFOGO Und. (\u00c0 VISTA)"},"content":{"rendered":"<p>Valor promocional R$156.60 : \u00c0 VISTA<\/p>\n<p>Valor a prazo R$179.90 : AT\u00c9 10x NO CART\u00c3O<\/p>\n<p>Altura m\u00e1xima : <span class=\"andes-table__column--value\">62 cm<\/span><\/p>\n","protected":false},"excerpt":{"rendered":"<p>Valor promocional R$156.60 : \u00c0 VISTA Valor a prazo R$179.90 : AT\u00c9 10x NO CART\u00c3O Altura m\u00e1xima : 62 cm<\/p>\n","protected":false},"featured_media":410,"template":"","meta":[],"product_brand":[],"product_cat":[22],"product_tag":[],"class_list":{"0":"post-82","1":"product","2":"type-product","3":"status-publish","4":"has-post-thumbnail","6":"product_cat-escadas","8":"first","9":"instock","10":"sale","11":"shipping-taxable","12":"product-type-simple"},"_links":{"self":[{"href":"https:\/\/duartedepositoeacabamentos.com.br\/index.php?rest_route=\/wp\/v2\/product\/82","targetHints":{"allow":["GET"]}}],"collection":[{"href":"https:\/\/duartedepositoeacabamentos.com.br\/index.php?rest_route=\/wp\/v2\/product"}],"about":[{"href":"https:\/\/duartedepositoeacabamentos.com.br\/index.php?rest_route=\/wp\/v2\/types\/product"}],"wp:featuredmedia":[{"embeddable":true,"href":"https:\/\/duartedepositoeacabamentos.com.br\/index.php?rest_route=\/wp\/v2\/media\/410"}],"wp:attachment":[{"href":"https:\/\/duartedepositoeacabamentos.com.br\/index.php?rest_route=%2Fwp%2Fv2%2Fmedia&parent=82"}],"wp:term":[{"taxonomy":"product_brand","embeddable":true,"href":"https:\/\/duartedepositoeacabamentos.com.br\/index.php?rest_route=%2Fwp%2Fv2%2Fproduct_brand&post=82"},{"taxonomy":"product_cat","embeddable":true,"href":"https:\/\/duartedepositoeacabamentos.com.br\/index.php?rest_route=%2Fwp%2Fv2%2Fproduct_cat&post=82"},{"taxonomy":"product_tag","embeddable":true,"href":"https:\/\/duartedepositoeacabamentos.com.br\/index.php?rest_route=%2Fwp%2Fv2%2Fproduct_tag&post=82"}],"curies":[{"name":"wp","href":"https:\/\/api.w.org\/{rel}","templated":true}]}}